{"id":1250,"date":"2023-12-06T23:46:09","date_gmt":"2023-12-06T23:46:09","guid":{"rendered":"https:\/\/inhedge.mx\/?page_id=1250"},"modified":"2024-09-26T19:00:48","modified_gmt":"2024-09-26T19:00:48","slug":"contact","status":"publish","type":"page","link":"https:\/\/inhedge.mx\/en\/contact\/","title":{"rendered":"Contact"},"content":{"rendered":"\t\t<div data-elementor-type=\"wp-page\" data-elementor-id=\"1250\" class=\"elementor elementor-1250\" data-elementor-post-type=\"page\">\n\t\t\t\t\t\t<section class=\"elementor-section elementor-top-section elementor-element elementor-element-149aca1a elementor-section-boxed elementor-section-height-default elementor-section-height-default\" data-id=\"149aca1a\" data-element_type=\"section\" data-e-type=\"section\">\n\t\t\t\t\t\t<div class=\"elementor-container elementor-column-gap-default\">\n\t\t\t\t\t<div class=\"elementor-column elementor-col-100 elementor-top-column elementor-element elementor-element-11c06c19\" data-id=\"11c06c19\" data-element_type=\"column\" data-e-type=\"column\">\n\t\t\t<div class=\"elementor-widget-wrap elementor-element-populated\">\n\t\t\t\t\t\t<div class=\"elementor-element elementor-element-7a45b5f0 elementor-widget elementor-widget-heading\" data-id=\"7a45b5f0\" data-element_type=\"widget\" data-e-type=\"widget\" data-widget_type=\"heading.default\">\n\t\t\t\t<div class=\"elementor-widget-container\">\n\t\t\t\t\t<h2 class=\"elementor-heading-title elementor-size-default\">Contact<\/h2>\t\t\t\t<\/div>\n\t\t\t\t<\/div>\n\t\t\t\t\t<\/div>\n\t\t<\/div>\n\t\t\t\t\t<\/div>\n\t\t<\/section>\n\t\t<div class=\"elementor-element elementor-element-34605448 e-flex e-con-boxed elementor-invisible e-con e-parent\" data-id=\"34605448\" data-element_type=\"container\" data-e-type=\"container\" data-settings=\"{&quot;background_background&quot;:&quot;classic&quot;,&quot;animation&quot;:&quot;fadeIn&quot;}\">\n\t\t\t\t\t<div class=\"e-con-inner\">\n\t\t<div class=\"elementor-element elementor-element-4085538 e-con-full e-flex e-con e-child\" data-id=\"4085538\" data-element_type=\"container\" data-e-type=\"container\" data-settings=\"{&quot;background_background&quot;:&quot;classic&quot;}\">\n\t\t\t\t<div class=\"elementor-element elementor-element-c382d78 elementor-widget elementor-widget-heading\" data-id=\"c382d78\" data-element_type=\"widget\" data-e-type=\"widget\" data-widget_type=\"heading.default\">\n\t\t\t\t<div class=\"elementor-widget-container\">\n\t\t\t\t\t<h4 class=\"elementor-heading-title elementor-size-default\">MX <br><br>\nRio Amazonas 50, Del Valle, San Pedro Garza Garc\u00eda, NL 66220<br>\n+(52) 812 718 6576\n<\/h4>\t\t\t\t<\/div>\n\t\t\t\t<\/div>\n\t\t\t\t<div class=\"elementor-element elementor-element-2ff4df5 elementor-widget elementor-widget-heading\" data-id=\"2ff4df5\" data-element_type=\"widget\" data-e-type=\"widget\" data-widget_type=\"heading.default\">\n\t\t\t\t<div class=\"elementor-widget-container\">\n\t\t\t\t\t<h4 class=\"elementor-heading-title elementor-size-default\">US<br><br>\n1005 Congress Avenue, Suite 925, Austin, TX, 78701<br> +(1) 737 899 1516<\/h4>\t\t\t\t<\/div>\n\t\t\t\t<\/div>\n\t\t\t\t<\/div>\n\t\t<div class=\"elementor-element elementor-element-79a0a838 e-con-full e-flex e-con e-child\" data-id=\"79a0a838\" data-element_type=\"container\" data-e-type=\"container\">\n\t\t\t\t<div class=\"elementor-element elementor-element-5732dbd elementor-widget__width-initial elementor-button-align-stretch elementor-widget elementor-widget-form\" data-id=\"5732dbd\" data-element_type=\"widget\" data-e-type=\"widget\" data-settings=\"{&quot;step_next_label&quot;:&quot;Next&quot;,&quot;step_previous_label&quot;:&quot;Previous&quot;,&quot;button_width&quot;:&quot;100&quot;,&quot;step_type&quot;:&quot;number_text&quot;,&quot;step_icon_shape&quot;:&quot;circle&quot;}\" data-widget_type=\"form.default\">\n\t\t\t\t<div class=\"elementor-widget-container\">\n\t\t\t\t\t\t\t<form class=\"elementor-form\" method=\"post\" name=\"New Form\" aria-label=\"New Form\">\n\t\t\t<input type=\"hidden\" name=\"post_id\" value=\"1250\"\/>\n\t\t\t<input type=\"hidden\" name=\"form_id\" value=\"5732dbd\"\/>\n\t\t\t<input type=\"hidden\" name=\"referer_title\" value=\"InHedge\" \/>\n\n\t\t\t\n\t\t\t<div class=\"elementor-form-fields-wrapper elementor-labels-\">\n\t\t\t\t\t\t\t\t<div class=\"elementor-field-type-text elementor-field-group elementor-column elementor-field-group-name elementor-col-100 elementor-field-required\">\n\t\t\t\t\t\t\t\t\t\t\t\t\t<input size=\"1\" type=\"text\" name=\"form_fields[name]\" id=\"form-field-name\" class=\"elementor-field elementor-size-sm  elementor-field-textual\" placeholder=\"Name\" required=\"required\">\n\t\t\t\t\t\t\t\t\t\t\t<\/div>\n\t\t\t\t\t\t\t\t<div class=\"elementor-field-type-email elementor-field-group elementor-column elementor-field-group-email elementor-col-100 elementor-field-required\">\n\t\t\t\t\t\t\t\t\t\t\t\t\t<input size=\"1\" type=\"email\" name=\"form_fields[email]\" id=\"form-field-email\" class=\"elementor-field elementor-size-sm  elementor-field-textual\" placeholder=\"Email\" required=\"required\">\n\t\t\t\t\t\t\t\t\t\t\t<\/div>\n\t\t\t\t\t\t\t\t<div class=\"elementor-field-type-textarea elementor-field-group elementor-column elementor-field-group-message elementor-col-100\">\n\t\t\t\t\t<textarea class=\"elementor-field-textual elementor-field  elementor-size-sm\" name=\"form_fields[message]\" id=\"form-field-message\" rows=\"3\" placeholder=\"Message\"><\/textarea>\t\t\t\t<\/div>\n\t\t\t\t\t\t\t\t<div class=\"elementor-field-type-recaptcha_v3 elementor-field-group elementor-column elementor-field-group-field_275a26a elementor-col-100 recaptcha_v3-bottomright\">\n\t\t\t\t\t<div class=\"elementor-field\" id=\"form-field-field_275a26a\"><div class=\"elementor-g-recaptcha\" data-sitekey=\"6LeHB1AqAAAAAHudnZcbpUPy2Z-eeYp04FB9hmul\" data-type=\"v3\" data-action=\"Form\" data-badge=\"bottomright\" data-size=\"invisible\"><\/div><\/div>\t\t\t\t<\/div>\n\t\t\t\t\t\t\t\t<div class=\"elementor-field-group elementor-column elementor-field-type-submit elementor-col-100 e-form__buttons\">\n\t\t\t\t\t<button class=\"elementor-button elementor-size-sm\" type=\"submit\">\n\t\t\t\t\t\t<span class=\"elementor-button-content-wrapper\">\n\t\t\t\t\t\t\t\t\t\t\t\t\t\t\t\t\t\t\t\t\t\t<span class=\"elementor-button-text\">Submit<\/span>\n\t\t\t\t\t\t\t\t\t\t\t\t\t<\/span>\n\t\t\t\t\t<\/button>\n\t\t\t\t<\/div>\n\t\t\t<\/div>\n\t\t<\/form>\n\t\t\t\t\t\t<\/div>\n\t\t\t\t<\/div>\n\t\t\t\t<\/div>\n\t\t\t\t\t<\/div>\n\t\t\t\t<\/div>\n\t\t\t\t<\/div>\n\t\t","protected":false},"excerpt":{"rendered":"<p>Contact MX Rio Amazonas 50, Del Valle, San Pedro Garza Garc\u00eda, NL 66220 +(52) 812 718 6576 US 1005 Congress Avenue, Suite 925, Austin, TX, 78701 +(1) 737 899 1516<\/p>\n","protected":false},"author":1,"featured_media":5234,"parent":0,"menu_order":0,"comment_status":"closed","ping_status":"closed","template":"","meta":{"footnotes":""},"class_list":["post-1250","page","type-page","status-publish","has-post-thumbnail","hentry"],"yoast_head":"<!-- This site is optimized with the Yoast SEO plugin v27.4 - https:\/\/yoast.com\/product\/yoast-seo-wordpress\/ -->\n<title>Contact - InHedge<\/title>\n<meta name=\"description\" content=\"Contact us today and learn more about Commodity and FX Hedging to protect your margins and maintain a solid base for sustainable growth.\" \/>\n<meta name=\"robots\" content=\"index, follow, max-snippet:-1, max-image-preview:large, max-video-preview:-1\" \/>\n<link rel=\"canonical\" href=\"https:\/\/inhedge.mx\/en\/contact\/\" \/>\n<meta name=\"twitter:label1\" content=\"Est. reading time\" \/>\n\t<meta name=\"twitter:data1\" content=\"1 minute\" \/>\n<script type=\"application\/ld+json\" class=\"yoast-schema-graph\">{\"@context\":\"https:\\\/\\\/schema.org\",\"@graph\":[{\"@type\":\"WebPage\",\"@id\":\"https:\\\/\\\/inhedge.mx\\\/en\\\/contact\\\/\",\"url\":\"https:\\\/\\\/inhedge.mx\\\/en\\\/contact\\\/\",\"name\":\"Contact - InHedge\",\"isPartOf\":{\"@id\":\"https:\\\/\\\/inhedge.mx\\\/#website\"},\"primaryImageOfPage\":{\"@id\":\"https:\\\/\\\/inhedge.mx\\\/en\\\/contact\\\/#primaryimage\"},\"image\":{\"@id\":\"https:\\\/\\\/inhedge.mx\\\/en\\\/contact\\\/#primaryimage\"},\"thumbnailUrl\":\"https:\\\/\\\/inhedge.mx\\\/wp-content\\\/uploads\\\/2024\\\/05\\\/OG-IMG-INHEDGE2.jpg\",\"datePublished\":\"2023-12-06T23:46:09+00:00\",\"dateModified\":\"2024-09-26T19:00:48+00:00\",\"description\":\"Contact us today and learn more about Commodity and FX Hedging to protect your margins and maintain a solid base for sustainable growth.\",\"breadcrumb\":{\"@id\":\"https:\\\/\\\/inhedge.mx\\\/en\\\/contact\\\/#breadcrumb\"},\"inLanguage\":\"en-US\",\"potentialAction\":[{\"@type\":\"ReadAction\",\"target\":[\"https:\\\/\\\/inhedge.mx\\\/en\\\/contact\\\/\"]}]},{\"@type\":\"ImageObject\",\"inLanguage\":\"en-US\",\"@id\":\"https:\\\/\\\/inhedge.mx\\\/en\\\/contact\\\/#primaryimage\",\"url\":\"https:\\\/\\\/inhedge.mx\\\/wp-content\\\/uploads\\\/2024\\\/05\\\/OG-IMG-INHEDGE2.jpg\",\"contentUrl\":\"https:\\\/\\\/inhedge.mx\\\/wp-content\\\/uploads\\\/2024\\\/05\\\/OG-IMG-INHEDGE2.jpg\",\"width\":1200,\"height\":630,\"caption\":\"InHedge Commodity Hedging Coberturas Financieras para Metales Aluminio Cobre N\u00edquel HRC Plomo Esta\u00f1o Zinc Scrap Coberturas Financieras para Energ\u00eda Petr\u00f3leo WTI Brent Gas Natural Henry Hub Houston Ship Channel Waha Gas Propano Mt Belvieu Conway Diesel ULSD Gasolina CBOB RBOB Carb\u00f3n API2 New Castle Coberturas Financieras para Agro Ma\u00edz Soya Trigo Az\u00facar Caf\u00e9 Cacao Algod\u00f3n Jugo de Naranja Ganado Bovino Cerdo Coberturas Financieras para FX EUR\\\/USD GBP\\\/USD USD\\\/JPY AUD\\\/USD USD\\\/CAD USD\\\/MXN USD\\\/BRL\"},{\"@type\":\"BreadcrumbList\",\"@id\":\"https:\\\/\\\/inhedge.mx\\\/en\\\/contact\\\/#breadcrumb\",\"itemListElement\":[{\"@type\":\"ListItem\",\"position\":1,\"name\":\"Portada\",\"item\":\"https:\\\/\\\/inhedge.mx\\\/en\\\/\"},{\"@type\":\"ListItem\",\"position\":2,\"name\":\"Contact\"}]},{\"@type\":\"WebSite\",\"@id\":\"https:\\\/\\\/inhedge.mx\\\/#website\",\"url\":\"https:\\\/\\\/inhedge.mx\\\/\",\"name\":\"InHedge\",\"description\":\"Coberturas Financieras para Commodities y FX\",\"publisher\":{\"@id\":\"https:\\\/\\\/inhedge.mx\\\/#organization\"},\"alternateName\":\"InHedge\",\"potentialAction\":[{\"@type\":\"SearchAction\",\"target\":{\"@type\":\"EntryPoint\",\"urlTemplate\":\"https:\\\/\\\/inhedge.mx\\\/?s={search_term_string}\"},\"query-input\":{\"@type\":\"PropertyValueSpecification\",\"valueRequired\":true,\"valueName\":\"search_term_string\"}}],\"inLanguage\":\"en-US\"},{\"@type\":\"Organization\",\"@id\":\"https:\\\/\\\/inhedge.mx\\\/#organization\",\"name\":\"InHedge\",\"url\":\"https:\\\/\\\/inhedge.mx\\\/\",\"logo\":{\"@type\":\"ImageObject\",\"inLanguage\":\"en-US\",\"@id\":\"https:\\\/\\\/inhedge.mx\\\/#\\\/schema\\\/logo\\\/image\\\/\",\"url\":\"https:\\\/\\\/inhedge.mx\\\/wp-content\\\/uploads\\\/2024\\\/01\\\/logo-letras-blancas.png\",\"contentUrl\":\"https:\\\/\\\/inhedge.mx\\\/wp-content\\\/uploads\\\/2024\\\/01\\\/logo-letras-blancas.png\",\"width\":1920,\"height\":1080,\"caption\":\"InHedge\"},\"image\":{\"@id\":\"https:\\\/\\\/inhedge.mx\\\/#\\\/schema\\\/logo\\\/image\\\/\"},\"sameAs\":[\"https:\\\/\\\/www.facebook.com\\\/inhedgeoficial\\\/\",\"https:\\\/\\\/x.com\\\/inhedgeoficial\",\"https:\\\/\\\/www.linkedin.com\\\/company\\\/inhedgemx\\\/\",\"https:\\\/\\\/www.instagram.com\\\/inhedgeoficial\\\/\"]}]}<\/script>\n<!-- \/ Yoast SEO plugin. -->","yoast_head_json":{"title":"Contact - InHedge","description":"Contact us today and learn more about Commodity and FX Hedging to protect your margins and maintain a solid base for sustainable growth.","robots":{"index":"index","follow":"follow","max-snippet":"max-snippet:-1","max-image-preview":"max-image-preview:large","max-video-preview":"max-video-preview:-1"},"canonical":"https:\/\/inhedge.mx\/en\/contact\/","twitter_misc":{"Est. reading time":"1 minute"},"schema":{"@context":"https:\/\/schema.org","@graph":[{"@type":"WebPage","@id":"https:\/\/inhedge.mx\/en\/contact\/","url":"https:\/\/inhedge.mx\/en\/contact\/","name":"Contact - InHedge","isPartOf":{"@id":"https:\/\/inhedge.mx\/#website"},"primaryImageOfPage":{"@id":"https:\/\/inhedge.mx\/en\/contact\/#primaryimage"},"image":{"@id":"https:\/\/inhedge.mx\/en\/contact\/#primaryimage"},"thumbnailUrl":"https:\/\/inhedge.mx\/wp-content\/uploads\/2024\/05\/OG-IMG-INHEDGE2.jpg","datePublished":"2023-12-06T23:46:09+00:00","dateModified":"2024-09-26T19:00:48+00:00","description":"Contact us today and learn more about Commodity and FX Hedging to protect your margins and maintain a solid base for sustainable growth.","breadcrumb":{"@id":"https:\/\/inhedge.mx\/en\/contact\/#breadcrumb"},"inLanguage":"en-US","potentialAction":[{"@type":"ReadAction","target":["https:\/\/inhedge.mx\/en\/contact\/"]}]},{"@type":"ImageObject","inLanguage":"en-US","@id":"https:\/\/inhedge.mx\/en\/contact\/#primaryimage","url":"https:\/\/inhedge.mx\/wp-content\/uploads\/2024\/05\/OG-IMG-INHEDGE2.jpg","contentUrl":"https:\/\/inhedge.mx\/wp-content\/uploads\/2024\/05\/OG-IMG-INHEDGE2.jpg","width":1200,"height":630,"caption":"InHedge Commodity Hedging Coberturas Financieras para Metales Aluminio Cobre N\u00edquel HRC Plomo Esta\u00f1o Zinc Scrap Coberturas Financieras para Energ\u00eda Petr\u00f3leo WTI Brent Gas Natural Henry Hub Houston Ship Channel Waha Gas Propano Mt Belvieu Conway Diesel ULSD Gasolina CBOB RBOB Carb\u00f3n API2 New Castle Coberturas Financieras para Agro Ma\u00edz Soya Trigo Az\u00facar Caf\u00e9 Cacao Algod\u00f3n Jugo de Naranja Ganado Bovino Cerdo Coberturas Financieras para FX EUR\/USD GBP\/USD USD\/JPY AUD\/USD USD\/CAD USD\/MXN USD\/BRL"},{"@type":"BreadcrumbList","@id":"https:\/\/inhedge.mx\/en\/contact\/#breadcrumb","itemListElement":[{"@type":"ListItem","position":1,"name":"Portada","item":"https:\/\/inhedge.mx\/en\/"},{"@type":"ListItem","position":2,"name":"Contact"}]},{"@type":"WebSite","@id":"https:\/\/inhedge.mx\/#website","url":"https:\/\/inhedge.mx\/","name":"InHedge","description":"Coberturas Financieras para Commodities y FX","publisher":{"@id":"https:\/\/inhedge.mx\/#organization"},"alternateName":"InHedge","potentialAction":[{"@type":"SearchAction","target":{"@type":"EntryPoint","urlTemplate":"https:\/\/inhedge.mx\/?s={search_term_string}"},"query-input":{"@type":"PropertyValueSpecification","valueRequired":true,"valueName":"search_term_string"}}],"inLanguage":"en-US"},{"@type":"Organization","@id":"https:\/\/inhedge.mx\/#organization","name":"InHedge","url":"https:\/\/inhedge.mx\/","logo":{"@type":"ImageObject","inLanguage":"en-US","@id":"https:\/\/inhedge.mx\/#\/schema\/logo\/image\/","url":"https:\/\/inhedge.mx\/wp-content\/uploads\/2024\/01\/logo-letras-blancas.png","contentUrl":"https:\/\/inhedge.mx\/wp-content\/uploads\/2024\/01\/logo-letras-blancas.png","width":1920,"height":1080,"caption":"InHedge"},"image":{"@id":"https:\/\/inhedge.mx\/#\/schema\/logo\/image\/"},"sameAs":["https:\/\/www.facebook.com\/inhedgeoficial\/","https:\/\/x.com\/inhedgeoficial","https:\/\/www.linkedin.com\/company\/inhedgemx\/","https:\/\/www.instagram.com\/inhedgeoficial\/"]}]}},"jetpack_sharing_enabled":true,"jetpack_shortlink":"https:\/\/wp.me\/PfmCG4-ka","_links":{"self":[{"href":"https:\/\/inhedge.mx\/en\/wp-json\/wp\/v2\/pages\/1250","targetHints":{"allow":["GET"]}}],"collection":[{"href":"https:\/\/inhedge.mx\/en\/wp-json\/wp\/v2\/pages"}],"about":[{"href":"https:\/\/inhedge.mx\/en\/wp-json\/wp\/v2\/types\/page"}],"author":[{"embeddable":true,"href":"https:\/\/inhedge.mx\/en\/wp-json\/wp\/v2\/users\/1"}],"replies":[{"embeddable":true,"href":"https:\/\/inhedge.mx\/en\/wp-json\/wp\/v2\/comments?post=1250"}],"version-history":[{"count":100,"href":"https:\/\/inhedge.mx\/en\/wp-json\/wp\/v2\/pages\/1250\/revisions"}],"predecessor-version":[{"id":5622,"href":"https:\/\/inhedge.mx\/en\/wp-json\/wp\/v2\/pages\/1250\/revisions\/5622"}],"wp:featuredmedia":[{"embeddable":true,"href":"https:\/\/inhedge.mx\/en\/wp-json\/wp\/v2\/media\/5234"}],"wp:attachment":[{"href":"https:\/\/inhedge.mx\/en\/wp-json\/wp\/v2\/media?parent=1250"}],"curies":[{"name":"wp","href":"https:\/\/api.w.org\/{rel}","templated":true}]}}